{"id":265622,"date":"2021-05-20T15:55:18","date_gmt":"2021-05-20T13:55:18","guid":{"rendered":"https:\/\/www.fembien.com\/?page_id=265622"},"modified":"2024-04-17T15:09:02","modified_gmt":"2024-04-17T13:09:02","slug":"imprint","status":"publish","type":"page","link":"https:\/\/www.fembien.com\/en\/imprint\/","title":{"rendered":"Imprint"},"content":{"rendered":"<p>[et_pb_section fb_built=&#8221;1&#8243; custom_padding_last_edited=&#8221;off|desktop&#8221; module_class=&#8221;wak-bg-icon wak-kontakt-bg&#8221; _builder_version=&#8221;4.16&#8243; _module_preset=&#8221;default&#8221; background_image=&#8221;https:\/\/www.fembien.com\/wp-content\/uploads\/2021\/05\/muster_hg.png&#8221; background_size=&#8221;contain&#8221; custom_margin=&#8221;||||false|false&#8221; custom_margin_phone=&#8221;||25px||false|false&#8221; custom_margin_last_edited=&#8221;off|desktop&#8221; custom_padding=&#8221;||100px||false|false&#8221; custom_padding_tablet=&#8221;||0px||false|false&#8221; custom_padding_phone=&#8221;||50px||false|false&#8221; global_colors_info=&#8221;{}&#8221;][et_pb_row _builder_version=&#8221;4.16&#8243; _module_preset=&#8221;default&#8221; background_enable_image=&#8221;off&#8221; background_size=&#8221;contain&#8221; max_width=&#8221;1190px&#8221; custom_padding=&#8221;||0px||false|false&#8221; global_colors_info=&#8221;{}&#8221;][et_pb_column type=&#8221;4_4&#8243; _builder_version=&#8221;4.16&#8243; _module_preset=&#8221;default&#8221; global_colors_info=&#8221;{}&#8221;][et_pb_text _builder_version=&#8221;4.24.3&#8243; _module_preset=&#8221;default&#8221; header_2_font=&#8221;||||||||&#8221; header_2_text_align=&#8221;center&#8221; custom_margin=&#8221;||35px||false|false&#8221; custom_padding=&#8221;||||false|false&#8221; hover_enabled=&#8221;0&#8243; global_colors_info=&#8221;{}&#8221; sticky_enabled=&#8221;0&#8243;]<\/p>\n<h2>Imprint<\/h2>\n<p>[\/et_pb_text][et_pb_text _builder_version=&#8221;4.16&#8243; _module_preset=&#8221;default&#8221; header_2_font=&#8221;||||||||&#8221; header_2_text_align=&#8221;center&#8221; header_3_text_align=&#8221;center&#8221; header_3_font_size=&#8221;33px&#8221; custom_margin=&#8221;||100px||false|false&#8221; custom_padding=&#8221;||||false|false&#8221; header_3_font_size_phone=&#8221;28px&#8221; global_colors_info=&#8221;{}&#8221;]<\/p>\n<h3>Informationen gem\u00e4\u00df Mediengesetz und E-Commerce Gesetz<br \/>Vertrieb und medienrechtlich verantwortlicher Seitenbetreiber.<\/h3>\n<p>[\/et_pb_text][\/et_pb_column][\/et_pb_row][et_pb_row column_structure=&#8221;1_2,1_2&#8243; _builder_version=&#8221;4.16&#8243; _module_preset=&#8221;default&#8221; max_width=&#8221;1070px&#8221; global_colors_info=&#8221;{}&#8221;][et_pb_column type=&#8221;1_2&#8243; _builder_version=&#8221;4.16&#8243; _module_preset=&#8221;default&#8221; global_colors_info=&#8221;{}&#8221;][et_pb_text _builder_version=&#8221;4.24.3&#8243; _module_preset=&#8221;default&#8221; text_text_color=&#8221;#8E4E60&#8243; global_colors_info=&#8221;{}&#8221;]<\/p>\n<p><strong>Fembien GmbH.<\/strong><br \/>Feldmarschal-Conrad-Platz 8\/16<br \/>9020 Klagenfurt am W\u00f6rthersee<br \/>\u00d6sterreich<\/p>\n<p>Tel.: <a href=\"tel:+4346350271227\">+43 463 50 27 12-27<\/a><br \/>E-Mail: <a href=\"mailto:office@fembien.com\">office@fembien.com<\/a><\/p>\n<p>[\/et_pb_text][et_pb_text _builder_version=&#8221;4.16&#8243; _module_preset=&#8221;default&#8221; text_text_color=&#8221;#8E4E60&#8243; text_font_size_tablet=&#8221;&#8221; text_font_size_phone=&#8221;&#8221; text_font_size_last_edited=&#8221;on|desktop&#8221; global_colors_info=&#8221;{}&#8221;]<\/p>\n<p><strong>Gesch\u00e4ftsf\u00fchrung<\/strong> <br \/>Ronald Mairitsch, Dipl. FW <br \/>Feldmarschal-Conrad-Platz 8\/16 <br \/>9020 Klagenfurt am W\u00f6rthersee <br \/>\u00d6sterreich <\/p>\n<p>Infos, Datenausk\u00fcnfte u. Beschwerden unter:<br \/><a href=\"mailto:office@fembien.com\">office@fembien.com<\/a><\/p>\n<p>[\/et_pb_text][\/et_pb_column][et_pb_column type=&#8221;1_2&#8243; _builder_version=&#8221;4.16&#8243; _module_preset=&#8221;default&#8221; global_colors_info=&#8221;{}&#8221;][et_pb_text _builder_version=&#8221;4.16&#8243; _module_preset=&#8221;default&#8221; text_text_color=&#8221;#8E4E60&#8243; global_colors_info=&#8221;{}&#8221;]<\/p>\n<p><strong>Unternehmensinformationen<br \/><\/strong><br \/>Mitgliedschaft bei der Wirtschaftskammer K\u00e4rnten, Fachgruppe Lebensmittelhandel<br \/>Gewerberechtliche Vorschriften:<br \/>Gewerbeordnung <a href=\"http:\/\/www.ris.bka.gv.at\">http:\/\/www.ris.bka.gv.at<\/a><br \/>Gewerbebeh\u00f6rde: Magistrat Klagenfurt,<br \/>Bezirkshauptmannschaft Klagenfurt am W\u00f6rthersee<br \/>Unternehmensgegenstand: Lebensmittelhandel<\/p>\n<p>Firmenbuchnummer: FN 556132t<br \/>Firmenbuchgericht: Landesgericht Klagenfurt am W\u00f6rthersee<\/p>\n<p>UID-Nummer: ATU 76875801<\/p>\n<p>[\/et_pb_text][\/et_pb_column][\/et_pb_row][et_pb_row _builder_version=&#8221;4.16&#8243; _module_preset=&#8221;default&#8221; max_width=&#8221;1070px&#8221; global_colors_info=&#8221;{}&#8221;][et_pb_column type=&#8221;4_4&#8243; _builder_version=&#8221;4.16&#8243; _module_preset=&#8221;default&#8221; global_colors_info=&#8221;{}&#8221;][et_pb_text _builder_version=&#8221;4.24.3&#8243; _module_preset=&#8221;default&#8221; text_text_color=&#8221;#8E4E60&#8243; hover_enabled=&#8221;0&#8243; global_colors_info=&#8221;{}&#8221; sticky_enabled=&#8221;0&#8243;]<\/p>\n<p>Serverstandort:<br \/>Graz Grundlegende Richtung des Mediums: Diese Webseite stellt Informationen zu Produkten und Leistungen unseres Unternehmens dar. Anwendbare Gewerbe Vorschriften \u201e\u00d6sterreichische Gewerbeordnung (GewO)\u201c.<br \/>Weitere Informationen unter <a href=\"http:\/\/www.ris.bka.gv.at\">http:\/\/www.ris.bka.gv.at<br \/><\/a><br \/>Medieninhaber, Herausgeber und Verleger: Fembien GmbH<\/p>\n<p>Das Unternehmen unterliegt den Gesetzen der Europ\u00e4ischen Union.<br \/>Die Europ\u00e4ische Kommission stellt eine Plattform zur Online-Streitbeilegung (OS) bereit:<br \/>http:\/\/ec.europa.eu\/consumers\/odr\/ (gem\u00e4\u00df Art. 14 Abs. 1 ODR-VO)<\/p>\n<p>[\/et_pb_text][\/et_pb_column][\/et_pb_row][\/et_pb_section]<\/p>\n","protected":false},"excerpt":{"rendered":"<p>ImprintInformationen gem\u00e4\u00df Mediengesetz und E-Commerce GesetzVertrieb und medienrechtlich verantwortlicher Seitenbetreiber.Fembien GmbH.Feldmarschal-Conrad-Platz 8\/169020 Klagenfurt am W\u00f6rthersee\u00d6sterreich Tel.: +43 463 50 27 12-27E-Mail: office@fembien.comGesch\u00e4ftsf\u00fchrung Ronald Mairitsch, Dipl. FW Feldmarschal-Conrad-Platz 8\/16 9020 Klagenfurt am W\u00f6rthersee \u00d6sterreich Infos, Datenausk\u00fcnfte u. Beschwerden unter:office@fembien.comUnternehmensinformationenMitgliedschaft bei der Wirtschaftskammer K\u00e4rnten, Fachgruppe LebensmittelhandelGewerberechtliche Vorschriften:Gewerbeordnung http:\/\/www.ris.bka.gv.atGewerbebeh\u00f6rde: Magistrat Klagenfurt,Bezirkshauptmannschaft Klagenfurt am W\u00f6rtherseeUnternehmensgegenstand: Lebensmittelhandel Firmenbuchnummer: FN 556132tFirmenbuchgericht: [&hellip;]<\/p>\n","protected":false},"author":6,"featured_media":0,"parent":0,"menu_order":0,"comment_status":"closed","ping_status":"closed","template":"","meta":{"_et_pb_use_builder":"on","_et_pb_old_content":"[et_pb_section fb_built=\"1\" custom_padding_last_edited=\"off|desktop\" module_class=\"wak-bg-icon wak-kontakt-bg\" _builder_version=\"4.9.4\" _module_preset=\"default\" background_image=\"https:\/\/www.fembien.com\/wp-content\/uploads\/2021\/05\/muster_hg.png\" background_size=\"contain\" custom_margin=\"||||false|false\" custom_margin_phone=\"||25px||false|false\" custom_margin_last_edited=\"off|desktop\" custom_padding=\"||100px||false|false\" custom_padding_tablet=\"||0px||false|false\" custom_padding_phone=\"||50px||false|false\" global_colors_info=\"{}\"][et_pb_row _builder_version=\"4.9.4\" _module_preset=\"default\" background_enable_image=\"off\" background_size=\"contain\" max_width=\"1190px\" custom_padding=\"||0px||false|false\" global_colors_info=\"{}\"][et_pb_column type=\"4_4\" _builder_version=\"4.9.4\" _module_preset=\"default\" global_colors_info=\"{}\"][et_pb_text _builder_version=\"4.9.4\" _module_preset=\"default\" header_2_font=\"||||||||\" header_2_text_align=\"center\" custom_margin=\"||35px||false|false\" custom_padding=\"||||false|false\" global_colors_info=\"{}\"]<h2>Impressum<\/h2>[\/et_pb_text][et_pb_text _builder_version=\"4.9.4\" _module_preset=\"default\" header_2_font=\"||||||||\" header_2_text_align=\"center\" header_3_text_align=\"center\" header_3_font_size=\"33px\" custom_margin=\"||100px||false|false\" custom_padding=\"||||false|false\" header_3_font_size_phone=\"28px\" global_colors_info=\"{}\"]<h3>Informationen gem\u00e4\u00df Mediengesetz und E-Commerce Gesetz<br \/>Vertrieb und medienrechtlich verantwortlicher Seitenbetreiber.<\/h3>[\/et_pb_text][\/et_pb_column][\/et_pb_row][et_pb_row column_structure=\"1_2,1_2\" _builder_version=\"4.9.4\" _module_preset=\"default\" max_width=\"1070px\" global_colors_info=\"{}\"][et_pb_column type=\"1_2\" _builder_version=\"4.9.4\" _module_preset=\"default\" global_colors_info=\"{}\"][et_pb_text _builder_version=\"4.9.4\" _module_preset=\"default\" text_text_color=\"#8E4E60\" global_colors_info=\"{}\"]<p><strong>Fembien GmbH.<\/strong><br \/>Feldmarschal-Conrad-Platz 8\/16<br \/>9020 Klagenfurt am W\u00f6rthersee<br \/>\u00d6sterreich<\/p>\r\n<p>Tel.: <a href=\"tel:+4346350271227\">+43 463 50 27 12-27<\/a><br \/>E-Mail: <a href=\"mailto:office@fembien.com\">office@fembien.com<\/a><\/p>[\/et_pb_text][et_pb_text _builder_version=\"4.9.4\" _module_preset=\"default\" text_text_color=\"#8E4E60\" text_font_size_tablet=\"\" text_font_size_phone=\"\" text_font_size_last_edited=\"on|desktop\" global_colors_info=\"{}\"]<p><strong>Gesch\u00e4ftsf\u00fchrung<\/strong> <br \/>Ronald Mairitsch, Dipl. FW <br \/>Feldmarschal-Conrad-Platz 8\/16 <br \/>9020 Klagenfurt am W\u00f6rthersee <br \/>\u00d6sterreich <\/p>\r\n<p>Infos, Datenausk\u00fcnfte u. Beschwerden unter:<br \/><a href=\"mailto:office@fembien.com\">office@fembien.com<\/a><\/p>[\/et_pb_text][\/et_pb_column][et_pb_column type=\"1_2\" _builder_version=\"4.9.4\" _module_preset=\"default\" global_colors_info=\"{}\"][et_pb_text _builder_version=\"4.14.2\" _module_preset=\"default\" text_text_color=\"#8E4E60\" hover_enabled=\"0\" global_colors_info=\"{}\" sticky_enabled=\"0\"]<p><strong>Unternehmensinformationen<br \/><\/strong><br \/>Mitgliedschaft bei der Wirtschaftskammer K\u00e4rnten, Fachgruppe Lebensmittelhandel<br \/>Gewerberechtliche Vorschriften:<br \/>Gewerbeordnung <a href=\"http:\/\/www.ris.bka.gv.at\">http:\/\/www.ris.bka.gv.at<\/a><br \/>Gewerbebeh\u00f6rde: Magistrat Klagenfurt,<br \/>Bezirkshauptmannschaft Klagenfurt am W\u00f6rthersee<br \/>Unternehmensgegenstand: Lebensmittelhandel<\/p>\r\n<p>Firmenbuchnummer: FN 556132t<br \/>Firmenbuchgericht: Landesgericht Klagenfurt am W\u00f6rthersee<\/p>\r\n<p>UID-Nummer: ATU 76875801<\/p>[\/et_pb_text][\/et_pb_column][\/et_pb_row][et_pb_row _builder_version=\"4.9.4\" _module_preset=\"default\" max_width=\"1070px\" global_colors_info=\"{}\"][et_pb_column type=\"4_4\" _builder_version=\"4.9.4\" _module_preset=\"default\" global_colors_info=\"{}\"][et_pb_text _builder_version=\"4.9.4\" _module_preset=\"default\" text_text_color=\"#8E4E60\" global_colors_info=\"{}\"]<p>Serverstandort:<br \/>Graz Grundlegende Richtung des Mediums: Diese Webseite stellt Informationen zu Produkten und Leistungen unseres Unternehmens dar. Anwendbare Gewerbe Vorschriften \u201e\u00d6sterreichische Gewerbeordnung (GewO)\u201c.<br \/>Weitere Informationen unter <a href=\"http:\/\/www.ris.bka.gv.at\">http:\/\/www.ris.bka.gv.at<br \/><\/a><br \/>Medieninhaber, Herausgeber und Verleger: Fembien GmbH<\/p>\r\n<p>Das Unternehmen unterliegt den Gesetzen der Europ\u00e4ischen Union.<br \/>Die Europ\u00e4ische Kommission stellt eine Plattform zur Online-Streitbeilegung (OS) bereit:<br \/>http:\/\/ec.europa.eu\/consumers\/odr\/ (gem\u00e4\u00df Art. 14 Abs. 1 ODR-VO)<\/p>[\/et_pb_text][\/et_pb_column][\/et_pb_row][\/et_pb_section]","_et_gb_content_width":"","footnotes":"","_links_to":"","_links_to_target":""},"yoast_head":"<!-- This site is optimized with the Yoast SEO plugin v22.6 - https:\/\/yoast.com\/wordpress\/plugins\/seo\/ -->\n<title>Imprint - FEMBIEN - Ja zum Frausein.<\/title>\n<meta name=\"robots\" content=\"index, follow, max-snippet:-1, max-image-preview:large, max-video-preview:-1\" \/>\n<link rel=\"canonical\" href=\"https:\/\/www.fembien.com\/en\/imprint\/\" \/>\n<meta property=\"og:locale\" content=\"en_US\" \/>\n<meta property=\"og:type\" content=\"article\" \/>\n<meta property=\"og:title\" content=\"Imprint - FEMBIEN - Ja zum Frausein.\" \/>\n<meta property=\"og:description\" content=\"ImprintInformationen gem\u00e4\u00df Mediengesetz und E-Commerce GesetzVertrieb und medienrechtlich verantwortlicher Seitenbetreiber.Fembien GmbH.Feldmarschal-Conrad-Platz 8\/169020 Klagenfurt am W\u00f6rthersee\u00d6sterreich Tel.: +43 463 50 27 12-27E-Mail: office@fembien.comGesch\u00e4ftsf\u00fchrung Ronald Mairitsch, Dipl. FW Feldmarschal-Conrad-Platz 8\/16 9020 Klagenfurt am W\u00f6rthersee \u00d6sterreich Infos, Datenausk\u00fcnfte u. Beschwerden unter:office@fembien.comUnternehmensinformationenMitgliedschaft bei der Wirtschaftskammer K\u00e4rnten, Fachgruppe LebensmittelhandelGewerberechtliche Vorschriften:Gewerbeordnung http:\/\/www.ris.bka.gv.atGewerbebeh\u00f6rde: Magistrat Klagenfurt,Bezirkshauptmannschaft Klagenfurt am W\u00f6rtherseeUnternehmensgegenstand: Lebensmittelhandel Firmenbuchnummer: FN 556132tFirmenbuchgericht: [&hellip;]\" \/>\n<meta property=\"og:url\" content=\"https:\/\/www.fembien.com\/en\/imprint\/\" \/>\n<meta property=\"og:site_name\" content=\"FEMBIEN - Ja zum Frausein.\" \/>\n<meta property=\"article:modified_time\" content=\"2024-04-17T13:09:02+00:00\" \/>\n<meta name=\"twitter:card\" content=\"summary_large_image\" \/>\n<meta name=\"twitter:label1\" content=\"Est. reading time\" \/>\n\t<meta name=\"twitter:data1\" content=\"1 minute\" \/>\n<script type=\"application\/ld+json\" class=\"yoast-schema-graph\">{\"@context\":\"https:\/\/schema.org\",\"@graph\":[{\"@type\":\"WebPage\",\"@id\":\"https:\/\/www.fembien.com\/en\/imprint\/\",\"url\":\"https:\/\/www.fembien.com\/en\/imprint\/\",\"name\":\"Imprint - FEMBIEN - Ja zum Frausein.\",\"isPartOf\":{\"@id\":\"https:\/\/www.fembien.com\/en\/#website\"},\"datePublished\":\"2021-05-20T13:55:18+00:00\",\"dateModified\":\"2024-04-17T13:09:02+00:00\",\"breadcrumb\":{\"@id\":\"https:\/\/www.fembien.com\/en\/imprint\/#breadcrumb\"},\"inLanguage\":\"en-US\",\"potentialAction\":[{\"@type\":\"ReadAction\",\"target\":[\"https:\/\/www.fembien.com\/en\/imprint\/\"]}]},{\"@type\":\"BreadcrumbList\",\"@id\":\"https:\/\/www.fembien.com\/en\/imprint\/#breadcrumb\",\"itemListElement\":[{\"@type\":\"ListItem\",\"position\":1,\"name\":\"Startseite\",\"item\":\"https:\/\/www.fembien.com\/en\/\"},{\"@type\":\"ListItem\",\"position\":2,\"name\":\"Imprint\"}]},{\"@type\":\"WebSite\",\"@id\":\"https:\/\/www.fembien.com\/en\/#website\",\"url\":\"https:\/\/www.fembien.com\/en\/\",\"name\":\"FEMBIEN\",\"description\":\"\",\"publisher\":{\"@id\":\"https:\/\/www.fembien.com\/en\/#organization\"},\"potentialAction\":[{\"@type\":\"SearchAction\",\"target\":{\"@type\":\"EntryPoint\",\"urlTemplate\":\"https:\/\/www.fembien.com\/en\/?s={search_term_string}\"},\"query-input\":\"required name=search_term_string\"}],\"inLanguage\":\"en-US\"},{\"@type\":\"Organization\",\"@id\":\"https:\/\/www.fembien.com\/en\/#organization\",\"name\":\"FEMBIEN\",\"url\":\"https:\/\/www.fembien.com\/en\/\",\"logo\":{\"@type\":\"ImageObject\",\"inLanguage\":\"en-US\",\"@id\":\"https:\/\/www.fembien.com\/en\/#\/schema\/logo\/image\/\",\"url\":\"https:\/\/www.fembien.com\/wp-content\/uploads\/2021\/04\/fembien_rot.png\",\"contentUrl\":\"https:\/\/www.fembien.com\/wp-content\/uploads\/2021\/04\/fembien_rot.png\",\"width\":409,\"height\":125,\"caption\":\"FEMBIEN\"},\"image\":{\"@id\":\"https:\/\/www.fembien.com\/en\/#\/schema\/logo\/image\/\"}}]}<\/script>\n<!-- \/ Yoast SEO plugin. -->","yoast_head_json":{"title":"Imprint - FEMBIEN - Ja zum Frausein.","robots":{"index":"index","follow":"follow","max-snippet":"max-snippet:-1","max-image-preview":"max-image-preview:large","max-video-preview":"max-video-preview:-1"},"canonical":"https:\/\/www.fembien.com\/en\/imprint\/","og_locale":"en_US","og_type":"article","og_title":"Imprint - FEMBIEN - Ja zum Frausein.","og_description":"ImprintInformationen gem\u00e4\u00df Mediengesetz und E-Commerce GesetzVertrieb und medienrechtlich verantwortlicher Seitenbetreiber.Fembien GmbH.Feldmarschal-Conrad-Platz 8\/169020 Klagenfurt am W\u00f6rthersee\u00d6sterreich Tel.: +43 463 50 27 12-27E-Mail: office@fembien.comGesch\u00e4ftsf\u00fchrung Ronald Mairitsch, Dipl. FW Feldmarschal-Conrad-Platz 8\/16 9020 Klagenfurt am W\u00f6rthersee \u00d6sterreich Infos, Datenausk\u00fcnfte u. Beschwerden unter:office@fembien.comUnternehmensinformationenMitgliedschaft bei der Wirtschaftskammer K\u00e4rnten, Fachgruppe LebensmittelhandelGewerberechtliche Vorschriften:Gewerbeordnung http:\/\/www.ris.bka.gv.atGewerbebeh\u00f6rde: Magistrat Klagenfurt,Bezirkshauptmannschaft Klagenfurt am W\u00f6rtherseeUnternehmensgegenstand: Lebensmittelhandel Firmenbuchnummer: FN 556132tFirmenbuchgericht: [&hellip;]","og_url":"https:\/\/www.fembien.com\/en\/imprint\/","og_site_name":"FEMBIEN - Ja zum Frausein.","article_modified_time":"2024-04-17T13:09:02+00:00","twitter_card":"summary_large_image","twitter_misc":{"Est. reading time":"1 minute"},"schema":{"@context":"https:\/\/schema.org","@graph":[{"@type":"WebPage","@id":"https:\/\/www.fembien.com\/en\/imprint\/","url":"https:\/\/www.fembien.com\/en\/imprint\/","name":"Imprint - FEMBIEN - Ja zum Frausein.","isPartOf":{"@id":"https:\/\/www.fembien.com\/en\/#website"},"datePublished":"2021-05-20T13:55:18+00:00","dateModified":"2024-04-17T13:09:02+00:00","breadcrumb":{"@id":"https:\/\/www.fembien.com\/en\/imprint\/#breadcrumb"},"inLanguage":"en-US","potentialAction":[{"@type":"ReadAction","target":["https:\/\/www.fembien.com\/en\/imprint\/"]}]},{"@type":"BreadcrumbList","@id":"https:\/\/www.fembien.com\/en\/imprint\/#breadcrumb","itemListElement":[{"@type":"ListItem","position":1,"name":"Startseite","item":"https:\/\/www.fembien.com\/en\/"},{"@type":"ListItem","position":2,"name":"Imprint"}]},{"@type":"WebSite","@id":"https:\/\/www.fembien.com\/en\/#website","url":"https:\/\/www.fembien.com\/en\/","name":"FEMBIEN","description":"","publisher":{"@id":"https:\/\/www.fembien.com\/en\/#organization"},"potentialAction":[{"@type":"SearchAction","target":{"@type":"EntryPoint","urlTemplate":"https:\/\/www.fembien.com\/en\/?s={search_term_string}"},"query-input":"required name=search_term_string"}],"inLanguage":"en-US"},{"@type":"Organization","@id":"https:\/\/www.fembien.com\/en\/#organization","name":"FEMBIEN","url":"https:\/\/www.fembien.com\/en\/","logo":{"@type":"ImageObject","inLanguage":"en-US","@id":"https:\/\/www.fembien.com\/en\/#\/schema\/logo\/image\/","url":"https:\/\/www.fembien.com\/wp-content\/uploads\/2021\/04\/fembien_rot.png","contentUrl":"https:\/\/www.fembien.com\/wp-content\/uploads\/2021\/04\/fembien_rot.png","width":409,"height":125,"caption":"FEMBIEN"},"image":{"@id":"https:\/\/www.fembien.com\/en\/#\/schema\/logo\/image\/"}}]}},"_links":{"self":[{"href":"https:\/\/www.fembien.com\/en\/wp-json\/wp\/v2\/pages\/265622"}],"collection":[{"href":"https:\/\/www.fembien.com\/en\/wp-json\/wp\/v2\/pages"}],"about":[{"href":"https:\/\/www.fembien.com\/en\/wp-json\/wp\/v2\/types\/page"}],"author":[{"embeddable":true,"href":"https:\/\/www.fembien.com\/en\/wp-json\/wp\/v2\/users\/6"}],"replies":[{"embeddable":true,"href":"https:\/\/www.fembien.com\/en\/wp-json\/wp\/v2\/comments?post=265622"}],"version-history":[{"count":2,"href":"https:\/\/www.fembien.com\/en\/wp-json\/wp\/v2\/pages\/265622\/revisions"}],"predecessor-version":[{"id":265634,"href":"https:\/\/www.fembien.com\/en\/wp-json\/wp\/v2\/pages\/265622\/revisions\/265634"}],"wp:attachment":[{"href":"https:\/\/www.fembien.com\/en\/wp-json\/wp\/v2\/media?parent=265622"}],"curies":[{"name":"wp","href":"https:\/\/api.w.org\/{rel}","templated":true}]}}