{"id":265715,"date":"2021-05-20T14:33:20","date_gmt":"2021-05-20T12:33:20","guid":{"rendered":"https:\/\/www.fembien.com\/?page_id=265715"},"modified":"2024-04-17T15:31:41","modified_gmt":"2024-04-17T13:31:41","slug":"say-yes-to-being-a-woman","status":"publish","type":"page","link":"https:\/\/www.fembien.com\/en\/deshalb-fembien\/say-yes-to-being-a-woman\/","title":{"rendered":"Say Yes to being a woman."},"content":{"rendered":"<p>[et_pb_section fb_built=&#8221;1&#8243; custom_padding_last_edited=&#8221;off|desktop&#8221; module_class=&#8221;wak-bg-icon wak-kontakt-bg&#8221; _builder_version=&#8221;4.16&#8243; _module_preset=&#8221;default&#8221; background_image=&#8221;https:\/\/www.fembien.com\/wp-content\/uploads\/2021\/05\/muster_hg.png&#8221; background_size=&#8221;contain&#8221; min_height=&#8221;552.3px&#8221; custom_margin=&#8221;||0px||false|false&#8221; custom_margin_phone=&#8221;||25px||false|false&#8221; custom_margin_last_edited=&#8221;off|desktop&#8221; custom_padding=&#8221;||0px||false|false&#8221; custom_padding_tablet=&#8221;||0px||false|false&#8221; custom_padding_phone=&#8221;||50px||false|false&#8221; global_colors_info=&#8221;{}&#8221;][et_pb_row _builder_version=&#8221;4.16&#8243; _module_preset=&#8221;default&#8221; background_enable_image=&#8221;off&#8221; background_size=&#8221;contain&#8221; max_width=&#8221;1190px&#8221; custom_padding=&#8221;||0px||false|false&#8221; global_colors_info=&#8221;{}&#8221;][et_pb_column type=&#8221;4_4&#8243; _builder_version=&#8221;4.16&#8243; _module_preset=&#8221;default&#8221; global_colors_info=&#8221;{}&#8221;][et_pb_text _builder_version=&#8221;4.16&#8243; _module_preset=&#8221;default&#8221; header_2_font=&#8221;||||||||&#8221; header_2_text_align=&#8221;center&#8221; header_3_text_align=&#8221;center&#8221; header_3_font_size=&#8221;33px&#8221; custom_margin=&#8221;||20px||false|false&#8221; custom_padding=&#8221;||||false|false&#8221; header_3_font_size_phone=&#8221;28px&#8221; global_colors_info=&#8221;{}&#8221;]<\/p>\n<h3>Das Beste aus Natur und Ern\u00e4hrungswissenschaft<\/h3>\n<p>[\/et_pb_text][et_pb_text _builder_version=&#8221;4.16&#8243; _module_preset=&#8221;default&#8221; header_2_font=&#8221;||||||||&#8221; header_2_text_align=&#8221;center&#8221; custom_margin=&#8221;||||false|false&#8221; custom_padding=&#8221;||15px||false|false&#8221; global_colors_info=&#8221;{}&#8221;]<\/p>\n<h2>F\u00fcr das Wohl der Frau.<\/h2>\n<p>[\/et_pb_text][et_pb_text _builder_version=&#8221;4.16&#8243; _module_preset=&#8221;default&#8221; text_font_size=&#8221;25px&#8221; text_line_height=&#8221;1.6em&#8221; text_orientation=&#8221;center&#8221; width=&#8221;100%&#8221; max_width=&#8221;880px&#8221; module_alignment=&#8221;center&#8221; custom_margin=&#8221;||35px||false|false&#8221; global_colors_info=&#8221;{}&#8221;]<\/p>\n<p>Jahrzehntelange Forschung, bereichert durch das traditionelle Wissen des Ayurveda. Die Kombination aus Ayurveda, Ern\u00e4hrungswissenschaft und \u00f6sterreichischer Qualit\u00e4t und Pr\u00e4zision bringt hochwirksame Produkte hervor.<\/p>\n<p>[\/et_pb_text][\/et_pb_column][\/et_pb_row][\/et_pb_section][et_pb_section fb_built=&#8221;1&#8243; module_id=&#8221;produkte&#8221; _builder_version=&#8221;4.16&#8243; _module_preset=&#8221;default&#8221; global_colors_info=&#8221;{}&#8221;][et_pb_row module_class=&#8221;wak-icon-line-wrap&#8221; _builder_version=&#8221;4.16&#8243; _module_preset=&#8221;default&#8221; max_width=&#8221;985px&#8221; custom_margin=&#8221;40px||30px||false|false&#8221; global_colors_info=&#8221;{}&#8221;][et_pb_column type=&#8221;4_4&#8243; _builder_version=&#8221;4.16&#8243; _module_preset=&#8221;default&#8221; global_colors_info=&#8221;{}&#8221;][et_pb_image src=&#8221;https:\/\/www.fembien.com\/wp-content\/uploads\/2021\/04\/herz.png&#8221; title_text=&#8221;herz&#8221; align=&#8221;center&#8221; module_class=&#8221;wak-icon-line&#8221; _builder_version=&#8221;4.16&#8243; _module_preset=&#8221;default&#8221; width=&#8221;57px&#8221; global_colors_info=&#8221;{}&#8221;][\/et_pb_image][\/et_pb_column][\/et_pb_row][et_pb_row _builder_version=&#8221;4.16&#8243; _module_preset=&#8221;default&#8221; global_colors_info=&#8221;{}&#8221;][et_pb_column type=&#8221;4_4&#8243; _builder_version=&#8221;4.16&#8243; _module_preset=&#8221;default&#8221; global_colors_info=&#8221;{}&#8221;][et_pb_text _builder_version=&#8221;4.16&#8243; _module_preset=&#8221;default&#8221; header_4_font=&#8221;|700||on|||||&#8221; header_4_text_align=&#8221;center&#8221; global_colors_info=&#8221;{}&#8221;]<\/p>\n<h4>Produktsortiment<\/h4>\n<p>[\/et_pb_text][et_pb_text _builder_version=&#8221;4.16&#8243; _module_preset=&#8221;default&#8221; header_2_font=&#8221;|||on|||||&#8221; header_2_text_align=&#8221;center&#8221; custom_padding=&#8221;||50px||false|false&#8221; global_colors_info=&#8221;{}&#8221;]<\/p>\n<h2>Ja zum Frau sein.<\/h2>\n<p>[\/et_pb_text][et_pb_shop type=&#8221;product_category&#8221; posts_number=&#8221;999&#8243; show_pagination=&#8221;on&#8221; include_categories=&#8221;20&#8243; columns_number=&#8221;3&#8243; orderby=&#8221;menu_order&#8221; icon_hover_color=&#8221;rgba(255,255,255,0)&#8221; hover_overlay_color=&#8221;rgba(255,255,255,0)&#8221; module_class=&#8221;wak-products-listing&#8221; _builder_version=&#8221;4.16&#8243; _module_preset=&#8221;default&#8221; title_font=&#8221;|||on|||||&#8221; title_font_size=&#8221;27px&#8221; title_line_height=&#8221;1.2em&#8221; global_colors_info=&#8221;{}&#8221;][\/et_pb_shop][\/et_pb_column][\/et_pb_row][et_pb_row _builder_version=&#8221;4.16&#8243; _module_preset=&#8221;default&#8221; global_colors_info=&#8221;{}&#8221;][et_pb_column type=&#8221;4_4&#8243; _builder_version=&#8221;4.16&#8243; _module_preset=&#8221;default&#8221; global_colors_info=&#8221;{}&#8221;][et_pb_divider color=&#8221;rgba(142,78,96,0.3)&#8221; divider_weight=&#8221;1px&#8221; _builder_version=&#8221;4.16&#8243; _module_preset=&#8221;default&#8221; width=&#8221;100%&#8221; max_width=&#8221;985px&#8221; module_alignment=&#8221;center&#8221; custom_padding=&#8221;||60px||false|false&#8221; global_colors_info=&#8221;{}&#8221;][\/et_pb_divider][et_pb_text _builder_version=&#8221;4.16&#8243; _module_preset=&#8221;default&#8221; header_4_font=&#8221;|700||on|||||&#8221; header_4_text_align=&#8221;center&#8221; global_colors_info=&#8221;{}&#8221;]<\/p>\n<h4>Produktsortiment<\/h4>\n<p>[\/et_pb_text][et_pb_text _builder_version=&#8221;4.16&#8243; _module_preset=&#8221;default&#8221; header_2_font=&#8221;|||on|||||&#8221; header_2_text_align=&#8221;center&#8221; custom_padding=&#8221;||50px||false|false&#8221; global_colors_info=&#8221;{}&#8221;]<\/p>\n<h2>Ja zum Mutter sein.<\/h2>\n<p>[\/et_pb_text][et_pb_shop type=&#8221;product_category&#8221; posts_number=&#8221;999&#8243; show_pagination=&#8221;on&#8221; include_categories=&#8221;21&#8243; columns_number=&#8221;3&#8243; orderby=&#8221;menu_order&#8221; icon_hover_color=&#8221;rgba(255,255,255,0)&#8221; hover_overlay_color=&#8221;rgba(255,255,255,0)&#8221; module_class=&#8221;wak-products-listing&#8221; _builder_version=&#8221;4.16&#8243; _module_preset=&#8221;default&#8221; title_font=&#8221;|||on|||||&#8221; title_font_size=&#8221;27px&#8221; title_line_height=&#8221;1.2em&#8221; global_colors_info=&#8221;{}&#8221;][\/et_pb_shop][\/et_pb_column][\/et_pb_row][\/et_pb_section]<\/p>\n","protected":false},"excerpt":{"rendered":"<p>Das Beste aus Natur und Ern\u00e4hrungswissenschaftF\u00fcr das Wohl der Frau.Jahrzehntelange Forschung, bereichert durch das traditionelle Wissen des Ayurveda. Die Kombination aus Ayurveda, Ern\u00e4hrungswissenschaft und \u00f6sterreichischer Qualit\u00e4t und Pr\u00e4zision bringt hochwirksame Produkte hervor.ProduktsortimentJa zum Frau sein.ProduktsortimentJa zum Mutter sein.<\/p>\n","protected":false},"author":6,"featured_media":0,"parent":265434,"menu_order":0,"comment_status":"closed","ping_status":"closed","template":"","meta":{"_et_pb_use_builder":"on","_et_pb_old_content":"[et_pb_section fb_built=\"1\" custom_padding_last_edited=\"off|desktop\" module_class=\"wak-bg-icon wak-kontakt-bg\" _builder_version=\"4.9.5\" _module_preset=\"default\" background_image=\"https:\/\/www.fembien.com\/wp-content\/uploads\/2021\/05\/muster_hg.png\" background_size=\"contain\" min_height=\"552.3px\" custom_margin=\"||0px||false|false\" custom_margin_phone=\"||25px||false|false\" custom_margin_last_edited=\"off|desktop\" custom_padding=\"||0px||false|false\" custom_padding_tablet=\"||0px||false|false\" custom_padding_phone=\"||50px||false|false\"][et_pb_row _builder_version=\"4.9.4\" _module_preset=\"default\" background_enable_image=\"off\" background_size=\"contain\" max_width=\"1190px\" custom_padding=\"||0px||false|false\"][et_pb_column type=\"4_4\" _builder_version=\"4.9.4\" _module_preset=\"default\"][et_pb_text _builder_version=\"4.9.4\" _module_preset=\"default\" header_2_font=\"||||||||\" header_2_text_align=\"center\" header_3_text_align=\"center\" header_3_font_size=\"33px\" custom_margin=\"||20px||false|false\" custom_padding=\"||||false|false\" header_3_font_size_phone=\"28px\"]<h3>Das Beste aus Natur und Ern\u00e4hrungswissenschaft<\/h3>[\/et_pb_text][et_pb_text _builder_version=\"4.9.4\" _module_preset=\"default\" header_2_font=\"||||||||\" header_2_text_align=\"center\" custom_margin=\"||||false|false\" custom_padding=\"||15px||false|false\"]<h2>F\u00fcr das Wohl der Frau.<\/h2>[\/et_pb_text][et_pb_text _builder_version=\"4.9.5\" _module_preset=\"default\" text_font_size=\"25px\" text_line_height=\"1.6em\" text_orientation=\"center\" width=\"100%\" max_width=\"880px\" module_alignment=\"center\" custom_margin=\"||35px||false|false\"]<p>Jahrzehntelange Forschung, bereichert durch das traditionelle Wissen des Ayurveda. Die Kombination aus Ayurveda, Ern\u00e4hrungswissenschaft und \u00f6sterreichischer Qualit\u00e4t und Pr\u00e4zision bringt hochwirksame Produkte hervor.<\/p>[\/et_pb_text][\/et_pb_column][\/et_pb_row][\/et_pb_section][et_pb_section fb_built=\"1\" module_id=\"produkte\" _builder_version=\"4.9.4\" _module_preset=\"default\" global_module=\"3882\"][et_pb_row module_class=\"wak-icon-line-wrap\" _builder_version=\"4.9.4\" _module_preset=\"default\" max_width=\"985px\" custom_margin=\"40px||30px||false|false\"][et_pb_column type=\"4_4\" _builder_version=\"4.9.4\" _module_preset=\"default\"][et_pb_image src=\"https:\/\/www.fembien.com\/wp-content\/uploads\/2021\/04\/herz.png\" title_text=\"herz\" align=\"center\" module_class=\"wak-icon-line\" _builder_version=\"4.9.4\" _module_preset=\"default\" width=\"57px\"][\/et_pb_image][\/et_pb_column][\/et_pb_row][et_pb_row _builder_version=\"4.9.4\" _module_preset=\"default\"][et_pb_column type=\"4_4\" _builder_version=\"4.9.4\" _module_preset=\"default\"][et_pb_text _builder_version=\"4.9.4\" _module_preset=\"default\" header_4_font=\"|700||on|||||\" header_4_text_align=\"center\"]<h4>Produktsortiment<\/h4>[\/et_pb_text][et_pb_text _builder_version=\"4.9.4\" _module_preset=\"default\" header_2_font=\"|||on|||||\" header_2_text_align=\"center\" custom_padding=\"||50px||false|false\"]<h2>Ja zum Frau sein.<\/h2>[\/et_pb_text][et_pb_shop type=\"product_category\" posts_number=\"999\" show_pagination=\"on\" include_categories=\"20\" columns_number=\"3\" orderby=\"menu_order\" icon_hover_color=\"rgba(255,255,255,0)\" hover_overlay_color=\"rgba(255,255,255,0)\" module_class=\"wak-products-listing\" _builder_version=\"4.9.4\" _module_preset=\"default\" title_font=\"|||on|||||\" title_font_size=\"27px\" title_line_height=\"1.2em\"][\/et_pb_shop][\/et_pb_column][\/et_pb_row][et_pb_row _builder_version=\"4.9.4\" _module_preset=\"default\"][et_pb_column type=\"4_4\" _builder_version=\"4.9.4\" _module_preset=\"default\"][et_pb_divider color=\"rgba(142,78,96,0.3)\" divider_weight=\"1px\" _builder_version=\"4.9.4\" _module_preset=\"default\" width=\"100%\" max_width=\"985px\" module_alignment=\"center\" custom_padding=\"||60px||false|false\"][\/et_pb_divider][et_pb_text _builder_version=\"4.9.4\" _module_preset=\"default\" header_4_font=\"|700||on|||||\" header_4_text_align=\"center\"]<h4>Produktsortiment<\/h4>[\/et_pb_text][et_pb_text _builder_version=\"4.9.4\" _module_preset=\"default\" header_2_font=\"|||on|||||\" header_2_text_align=\"center\" custom_padding=\"||50px||false|false\"]<h2>Ja zum Mutter sein.<\/h2>[\/et_pb_text][et_pb_shop type=\"product_category\" posts_number=\"999\" show_pagination=\"on\" include_categories=\"21\" columns_number=\"3\" orderby=\"menu_order\" icon_hover_color=\"rgba(255,255,255,0)\" hover_overlay_color=\"rgba(255,255,255,0)\" module_class=\"wak-products-listing\" _builder_version=\"4.9.4\" _module_preset=\"default\" title_font=\"|||on|||||\" title_font_size=\"27px\" title_line_height=\"1.2em\"][\/et_pb_shop][\/et_pb_column][\/et_pb_row][\/et_pb_section]","_et_gb_content_width":"","footnotes":"","_links_to":"","_links_to_target":""},"yoast_head":"<!-- This site is optimized with the Yoast SEO plugin v22.6 - https:\/\/yoast.com\/wordpress\/plugins\/seo\/ -->\n<title>Say Yes to being a woman. - FEMBIEN - Ja zum Frausein.<\/title>\n<meta name=\"robots\" content=\"index, follow, max-snippet:-1, max-image-preview:large, max-video-preview:-1\" \/>\n<link rel=\"canonical\" href=\"https:\/\/www.fembien.com\/en\/deshalb-fembien\/say-yes-to-being-a-woman\/\" \/>\n<meta property=\"og:locale\" content=\"en_US\" \/>\n<meta property=\"og:type\" content=\"article\" \/>\n<meta property=\"og:title\" content=\"Say Yes to being a woman. - FEMBIEN - Ja zum Frausein.\" \/>\n<meta property=\"og:description\" content=\"Das Beste aus Natur und Ern\u00e4hrungswissenschaftF\u00fcr das Wohl der Frau.Jahrzehntelange Forschung, bereichert durch das traditionelle Wissen des Ayurveda. Die Kombination aus Ayurveda, Ern\u00e4hrungswissenschaft und \u00f6sterreichischer Qualit\u00e4t und Pr\u00e4zision bringt hochwirksame Produkte hervor.ProduktsortimentJa zum Frau sein.ProduktsortimentJa zum Mutter sein.\" \/>\n<meta property=\"og:url\" content=\"https:\/\/www.fembien.com\/en\/deshalb-fembien\/say-yes-to-being-a-woman\/\" \/>\n<meta property=\"og:site_name\" content=\"FEMBIEN - Ja zum Frausein.\" \/>\n<meta property=\"article:modified_time\" content=\"2024-04-17T13:31:41+00:00\" \/>\n<meta name=\"twitter:card\" content=\"summary_large_image\" \/>\n<meta name=\"twitter:label1\" content=\"Est. reading time\" \/>\n\t<meta name=\"twitter:data1\" content=\"3 minutes\" \/>\n<script type=\"application\/ld+json\" class=\"yoast-schema-graph\">{\"@context\":\"https:\/\/schema.org\",\"@graph\":[{\"@type\":\"WebPage\",\"@id\":\"https:\/\/www.fembien.com\/en\/deshalb-fembien\/say-yes-to-being-a-woman\/\",\"url\":\"https:\/\/www.fembien.com\/en\/deshalb-fembien\/say-yes-to-being-a-woman\/\",\"name\":\"Say Yes to being a woman. - FEMBIEN - Ja zum Frausein.\",\"isPartOf\":{\"@id\":\"https:\/\/www.fembien.com\/en\/#website\"},\"datePublished\":\"2021-05-20T12:33:20+00:00\",\"dateModified\":\"2024-04-17T13:31:41+00:00\",\"breadcrumb\":{\"@id\":\"https:\/\/www.fembien.com\/en\/deshalb-fembien\/say-yes-to-being-a-woman\/#breadcrumb\"},\"inLanguage\":\"en-US\",\"potentialAction\":[{\"@type\":\"ReadAction\",\"target\":[\"https:\/\/www.fembien.com\/en\/deshalb-fembien\/say-yes-to-being-a-woman\/\"]}]},{\"@type\":\"BreadcrumbList\",\"@id\":\"https:\/\/www.fembien.com\/en\/deshalb-fembien\/say-yes-to-being-a-woman\/#breadcrumb\",\"itemListElement\":[{\"@type\":\"ListItem\",\"position\":1,\"name\":\"Startseite\",\"item\":\"https:\/\/www.fembien.com\/en\/\"},{\"@type\":\"ListItem\",\"position\":2,\"name\":\"Why Fembien\",\"item\":\"https:\/\/www.fembien.com\/en\/\"},{\"@type\":\"ListItem\",\"position\":3,\"name\":\"Say Yes to being a woman.\"}]},{\"@type\":\"WebSite\",\"@id\":\"https:\/\/www.fembien.com\/en\/#website\",\"url\":\"https:\/\/www.fembien.com\/en\/\",\"name\":\"FEMBIEN\",\"description\":\"\",\"publisher\":{\"@id\":\"https:\/\/www.fembien.com\/en\/#organization\"},\"potentialAction\":[{\"@type\":\"SearchAction\",\"target\":{\"@type\":\"EntryPoint\",\"urlTemplate\":\"https:\/\/www.fembien.com\/en\/?s={search_term_string}\"},\"query-input\":\"required name=search_term_string\"}],\"inLanguage\":\"en-US\"},{\"@type\":\"Organization\",\"@id\":\"https:\/\/www.fembien.com\/en\/#organization\",\"name\":\"FEMBIEN\",\"url\":\"https:\/\/www.fembien.com\/en\/\",\"logo\":{\"@type\":\"ImageObject\",\"inLanguage\":\"en-US\",\"@id\":\"https:\/\/www.fembien.com\/en\/#\/schema\/logo\/image\/\",\"url\":\"https:\/\/www.fembien.com\/wp-content\/uploads\/2021\/04\/fembien_rot.png\",\"contentUrl\":\"https:\/\/www.fembien.com\/wp-content\/uploads\/2021\/04\/fembien_rot.png\",\"width\":409,\"height\":125,\"caption\":\"FEMBIEN\"},\"image\":{\"@id\":\"https:\/\/www.fembien.com\/en\/#\/schema\/logo\/image\/\"}}]}<\/script>\n<!-- \/ Yoast SEO plugin. -->","yoast_head_json":{"title":"Say Yes to being a woman. - FEMBIEN - Ja zum Frausein.","robots":{"index":"index","follow":"follow","max-snippet":"max-snippet:-1","max-image-preview":"max-image-preview:large","max-video-preview":"max-video-preview:-1"},"canonical":"https:\/\/www.fembien.com\/en\/deshalb-fembien\/say-yes-to-being-a-woman\/","og_locale":"en_US","og_type":"article","og_title":"Say Yes to being a woman. - FEMBIEN - Ja zum Frausein.","og_description":"Das Beste aus Natur und Ern\u00e4hrungswissenschaftF\u00fcr das Wohl der Frau.Jahrzehntelange Forschung, bereichert durch das traditionelle Wissen des Ayurveda. Die Kombination aus Ayurveda, Ern\u00e4hrungswissenschaft und \u00f6sterreichischer Qualit\u00e4t und Pr\u00e4zision bringt hochwirksame Produkte hervor.ProduktsortimentJa zum Frau sein.ProduktsortimentJa zum Mutter sein.","og_url":"https:\/\/www.fembien.com\/en\/deshalb-fembien\/say-yes-to-being-a-woman\/","og_site_name":"FEMBIEN - Ja zum Frausein.","article_modified_time":"2024-04-17T13:31:41+00:00","twitter_card":"summary_large_image","twitter_misc":{"Est. reading time":"3 minutes"},"schema":{"@context":"https:\/\/schema.org","@graph":[{"@type":"WebPage","@id":"https:\/\/www.fembien.com\/en\/deshalb-fembien\/say-yes-to-being-a-woman\/","url":"https:\/\/www.fembien.com\/en\/deshalb-fembien\/say-yes-to-being-a-woman\/","name":"Say Yes to being a woman. - FEMBIEN - Ja zum Frausein.","isPartOf":{"@id":"https:\/\/www.fembien.com\/en\/#website"},"datePublished":"2021-05-20T12:33:20+00:00","dateModified":"2024-04-17T13:31:41+00:00","breadcrumb":{"@id":"https:\/\/www.fembien.com\/en\/deshalb-fembien\/say-yes-to-being-a-woman\/#breadcrumb"},"inLanguage":"en-US","potentialAction":[{"@type":"ReadAction","target":["https:\/\/www.fembien.com\/en\/deshalb-fembien\/say-yes-to-being-a-woman\/"]}]},{"@type":"BreadcrumbList","@id":"https:\/\/www.fembien.com\/en\/deshalb-fembien\/say-yes-to-being-a-woman\/#breadcrumb","itemListElement":[{"@type":"ListItem","position":1,"name":"Startseite","item":"https:\/\/www.fembien.com\/en\/"},{"@type":"ListItem","position":2,"name":"Why Fembien","item":"https:\/\/www.fembien.com\/en\/"},{"@type":"ListItem","position":3,"name":"Say Yes to being a woman."}]},{"@type":"WebSite","@id":"https:\/\/www.fembien.com\/en\/#website","url":"https:\/\/www.fembien.com\/en\/","name":"FEMBIEN","description":"","publisher":{"@id":"https:\/\/www.fembien.com\/en\/#organization"},"potentialAction":[{"@type":"SearchAction","target":{"@type":"EntryPoint","urlTemplate":"https:\/\/www.fembien.com\/en\/?s={search_term_string}"},"query-input":"required name=search_term_string"}],"inLanguage":"en-US"},{"@type":"Organization","@id":"https:\/\/www.fembien.com\/en\/#organization","name":"FEMBIEN","url":"https:\/\/www.fembien.com\/en\/","logo":{"@type":"ImageObject","inLanguage":"en-US","@id":"https:\/\/www.fembien.com\/en\/#\/schema\/logo\/image\/","url":"https:\/\/www.fembien.com\/wp-content\/uploads\/2021\/04\/fembien_rot.png","contentUrl":"https:\/\/www.fembien.com\/wp-content\/uploads\/2021\/04\/fembien_rot.png","width":409,"height":125,"caption":"FEMBIEN"},"image":{"@id":"https:\/\/www.fembien.com\/en\/#\/schema\/logo\/image\/"}}]}},"_links":{"self":[{"href":"https:\/\/www.fembien.com\/en\/wp-json\/wp\/v2\/pages\/265715"}],"collection":[{"href":"https:\/\/www.fembien.com\/en\/wp-json\/wp\/v2\/pages"}],"about":[{"href":"https:\/\/www.fembien.com\/en\/wp-json\/wp\/v2\/types\/page"}],"author":[{"embeddable":true,"href":"https:\/\/www.fembien.com\/en\/wp-json\/wp\/v2\/users\/6"}],"replies":[{"embeddable":true,"href":"https:\/\/www.fembien.com\/en\/wp-json\/wp\/v2\/comments?post=265715"}],"version-history":[{"count":2,"href":"https:\/\/www.fembien.com\/en\/wp-json\/wp\/v2\/pages\/265715\/revisions"}],"predecessor-version":[{"id":265721,"href":"https:\/\/www.fembien.com\/en\/wp-json\/wp\/v2\/pages\/265715\/revisions\/265721"}],"up":[{"embeddable":true,"href":"https:\/\/www.fembien.com\/en\/wp-json\/wp\/v2\/pages\/265434"}],"wp:attachment":[{"href":"https:\/\/www.fembien.com\/en\/wp-json\/wp\/v2\/media?parent=265715"}],"curies":[{"name":"wp","href":"https:\/\/api.w.org\/{rel}","templated":true}]}}